{"id":198,"date":"2024-09-19T16:25:40","date_gmt":"2024-09-19T16:25:40","guid":{"rendered":"https:\/\/supporting-flamingo-960d85.instawp.xyz\/?page_id=198"},"modified":"2024-11-18T16:00:15","modified_gmt":"2024-11-18T16:00:15","slug":"carrieres","status":"publish","type":"page","link":"http:\/\/burotec.biz\/en\/carrieres\/","title":{"rendered":"Careers"},"content":{"rendered":"<div data-elementor-type=\"wp-page\" data-elementor-id=\"198\" class=\"elementor elementor-198\" data-elementor-post-type=\"page\">\n\t\t\t\t<div class=\"elementor-element elementor-element-b313250 e-flex e-con-boxed e-con e-parent\" data-id=\"b313250\" data-element_type=\"container\" data-settings=\"{&quot;background_background&quot;:&quot;classic&quot;,&quot;shape_divider_bottom&quot;:&quot;opacity-fan&quot;}\">\n\t\t\t\t\t<div class=\"e-con-inner\">\n\t\t\t\t<div class=\"elementor-shape elementor-shape-bottom\" aria-hidden=\"true\" data-negative=\"false\">\n\t\t\t<svg xmlns=\"http:\/\/www.w3.org\/2000\/svg\" viewbox=\"0 0 283.5 19.6\" preserveaspectratio=\"none\">\n\t<path class=\"elementor-shape-fill\" style=\"opacity:0.33\" d=\"M0 0L0 18.8 141.8 4.1 283.5 18.8 283.5 0z\"\/>\n\t<path class=\"elementor-shape-fill\" style=\"opacity:0.33\" d=\"M0 0L0 12.6 141.8 4 283.5 12.6 283.5 0z\"\/>\n\t<path class=\"elementor-shape-fill\" style=\"opacity:0.33\" d=\"M0 0L0 6.4 141.8 4 283.5 6.4 283.5 0z\"\/>\n\t<path class=\"elementor-shape-fill\" d=\"M0 0L0 1.2 141.8 4 283.5 1.2 283.5 0z\"\/>\n<\/svg>\t\t<\/div>\n\t\t<div class=\"elementor-element elementor-element-a1f7a7c e-con-full e-flex e-con e-child\" data-id=\"a1f7a7c\" data-element_type=\"container\" data-settings=\"{&quot;background_background&quot;:&quot;classic&quot;}\">\n\t\t\t\t<\/div>\n\t\t<div class=\"elementor-element elementor-element-fa88332 e-con-full e-flex e-con e-child\" data-id=\"fa88332\" data-element_type=\"container\">\n\t\t<div class=\"elementor-element elementor-element-760a6e7 e-con-full e-flex e-con e-child\" data-id=\"760a6e7\" data-element_type=\"container\">\n\t\t\t\t<div class=\"elementor-element elementor-element-4889438 elementor-widget__width-initial elementor-widget-mobile__width-auto elementor-widget elementor-widget-heading\" data-id=\"4889438\" data-element_type=\"widget\" data-widget_type=\"heading.default\">\n\t\t\t\t<div class=\"elementor-widget-container\">\n\t\t\t\t\t<h2 class=\"elementor-heading-title elementor-size-default\">Build your future career with us<\/h2>\t\t\t\t<\/div>\n\t\t\t\t<\/div>\n\t\t\t\t<div class=\"elementor-element elementor-element-d6e1b7d elementor-widget__width-initial elementor-widget-mobile__width-inherit elementor-widget elementor-widget-text-editor\" data-id=\"d6e1b7d\" data-element_type=\"widget\" data-widget_type=\"text-editor.default\">\n\t\t\t\t<div class=\"elementor-widget-container\">\n\t\t\t\t\t\t\t\t\tPlease fill in the form and send us all the necessary information.\t\t\t\t\t\t\t\t<\/div>\n\t\t\t\t<\/div>\n\t\t\t\t<\/div>\n\t\t\t\t<div class=\"elementor-element elementor-element-951e461 elementor-widget elementor-widget-form\" data-id=\"951e461\" data-element_type=\"widget\" data-settings=\"{&quot;button_width&quot;:&quot;25&quot;,&quot;step_next_label&quot;:&quot;Next&quot;,&quot;step_previous_label&quot;:&quot;Previous&quot;,&quot;step_type&quot;:&quot;number_text&quot;,&quot;step_icon_shape&quot;:&quot;circle&quot;}\" data-widget_type=\"form.default\">\n\t\t\t\t<div class=\"elementor-widget-container\">\n\t\t\t\t\t\t\t<form class=\"elementor-form\" method=\"post\" name=\"Carriere formulaire\" aria-label=\"Carriere form\" action=\"\">\n\t\t\t<input type=\"hidden\" name=\"post_id\" value=\"198\"\/>\n\t\t\t<input type=\"hidden\" name=\"form_id\" value=\"951e461\"\/>\n\t\t\t<input type=\"hidden\" name=\"referer_title\" value=\"Carri\u00e8res - BUROTEC\" \/>\n\n\t\t\t\t\t\t\t<input type=\"hidden\" name=\"queried_id\" value=\"198\"\/>\n\t\t\t\n\t\t\t<div class=\"elementor-form-fields-wrapper elementor-labels-above\">\n\t\t\t\t\t\t\t\t<div class=\"elementor-field-type-text elementor-field-group elementor-column elementor-field-group-name elementor-col-100 elementor-field-required elementor-mark-required\">\n\t\t\t\t\t\t\t\t\t\t\t\t<label for=\"form-field-name\" class=\"elementor-field-label\">\n\t\t\t\t\t\t\t\tFull name\t\t\t\t\t\t\t<\/label>\n\t\t\t\t\t\t\t\t\t\t\t\t\t\t<input size=\"1\" type=\"text\" name=\"form_fields[name]\" id=\"form-field-name\" class=\"elementor-field elementor-size-md  elementor-field-textual\" placeholder=\"Your first and last name\" required=\"required\">\n\t\t\t\t\t\t\t\t\t\t\t<\/div>\n\t\t\t\t\t\t\t\t<div class=\"elementor-field-type-email elementor-field-group elementor-column elementor-field-group-email elementor-col-50 elementor-field-required elementor-mark-required\">\n\t\t\t\t\t\t\t\t\t\t\t\t<label for=\"form-field-email\" class=\"elementor-field-label\">\n\t\t\t\t\t\t\t\tEmail\t\t\t\t\t\t\t<\/label>\n\t\t\t\t\t\t\t\t\t\t\t\t\t\t<input size=\"1\" type=\"email\" name=\"form_fields[email]\" id=\"form-field-email\" class=\"elementor-field elementor-size-md  elementor-field-textual\" placeholder=\"Your e-mail address\" required=\"required\">\n\t\t\t\t\t\t\t\t\t\t\t<\/div>\n\t\t\t\t\t\t\t\t<div class=\"elementor-field-type-tel elementor-field-group elementor-column elementor-field-group-tel elementor-col-50 elementor-field-required elementor-mark-required\">\n\t\t\t\t\t\t\t\t\t\t\t\t<label for=\"form-field-tel\" class=\"elementor-field-label\">\n\t\t\t\t\t\t\t\tPhone\t\t\t\t\t\t\t<\/label>\n\t\t\t\t\t\t\t\t<input size=\"1\" type=\"tel\" name=\"form_fields[tel]\" id=\"form-field-tel\" class=\"elementor-field elementor-size-md  elementor-field-textual\" placeholder=\"Your phone number\" required=\"required\" pattern=\"[0-9()#&amp;+*-=.]+\" title=\"Only numbers and phone characters (#, -, *, etc) are accepted.\" data-no-translation-title=\"\">\n\n\t\t\t\t\t\t<\/div>\n\t\t\t\t\t\t\t\t<div class=\"elementor-field-type-upload elementor-field-group elementor-column elementor-field-group-cv elementor-col-100 elementor-field-required elementor-mark-required\">\n\t\t\t\t\t\t\t\t\t\t\t\t<label for=\"form-field-cv\" class=\"elementor-field-label\">\n\t\t\t\t\t\t\t\tCV\t\t\t\t\t\t\t<\/label>\n\t\t\t\t\t\t\t\t<input type=\"file\" name=\"form_fields[cv]\" id=\"form-field-cv\" class=\"elementor-field elementor-size-md  elementor-upload-field\" required=\"required\" data-maxsize=\"10\" data-maxsize-message=\"This file exceeds the maximum allowed size.\" data-no-translation-data-maxsize-message=\"\">\n\n\t\t\t\t\t\t<\/div>\n\t\t\t\t\t\t\t\t<div class=\"elementor-field-type-upload elementor-field-group elementor-column elementor-field-group-lmotiv elementor-col-100 elementor-field-required elementor-mark-required\">\n\t\t\t\t\t\t\t\t\t\t\t\t<label for=\"form-field-lmotiv\" class=\"elementor-field-label\">\n\t\t\t\t\t\t\t\tCover letter\t\t\t\t\t\t\t<\/label>\n\t\t\t\t\t\t\t\t<input type=\"file\" name=\"form_fields[lmotiv]\" id=\"form-field-lmotiv\" class=\"elementor-field elementor-size-md  elementor-upload-field\" required=\"required\" data-maxsize=\"10\" data-maxsize-message=\"This file exceeds the maximum allowed size.\" data-no-translation-data-maxsize-message=\"\">\n\n\t\t\t\t\t\t<\/div>\n\t\t\t\t\t\t\t\t<div class=\"elementor-field-group elementor-column elementor-field-type-submit elementor-col-25 e-form__buttons\">\n\t\t\t\t\t<button class=\"elementor-button elementor-size-md\" type=\"submit\">\n\t\t\t\t\t\t<span class=\"elementor-button-content-wrapper\">\n\t\t\t\t\t\t\t\t\t\t\t\t\t\t\t\t\t\t\t\t\t\t<span class=\"elementor-button-text\">Send<\/span>\n\t\t\t\t\t\t\t\t\t\t\t\t\t<\/span>\n\t\t\t\t\t<\/button>\n\t\t\t\t<\/div>\n\t\t\t<\/div>\n\t\t<input type=\"hidden\" name=\"trp-form-language\" value=\"en\"\/><\/form>\n\t\t\t\t\t\t<\/div>\n\t\t\t\t<\/div>\n\t\t\t\t<\/div>\n\t\t\t\t\t<\/div>\n\t\t\t\t<\/div>\n\t\t\t\t<\/div>","protected":false},"excerpt":{"rendered":"<p>Build your future career with us Please fill in the form and send us all the necessary information.<\/p>","protected":false},"author":1,"featured_media":0,"parent":0,"menu_order":0,"comment_status":"closed","ping_status":"closed","template":"","meta":{"footnotes":""},"class_list":["post-198","page","type-page","status-publish","hentry"],"yoast_head":"<!-- This site is optimized with the Yoast SEO plugin v26.6 - https:\/\/yoast.com\/wordpress\/plugins\/seo\/ -->\n<title>Carri\u00e8res - BUROTEC<\/title>\n<meta name=\"robots\" content=\"index, follow, max-snippet:-1, max-image-preview:large, max-video-preview:-1\" \/>\n<link rel=\"canonical\" href=\"https:\/\/burotec.biz\/en\/carrieres\/\" \/>\n<meta property=\"og:locale\" content=\"en_US\" \/>\n<meta property=\"og:type\" content=\"article\" \/>\n<meta property=\"og:title\" content=\"Carri\u00e8res - BUROTEC\" \/>\n<meta property=\"og:description\" content=\"Construire votre future carri\u00e8re avec nous Veuillez remplir le formulaire et nous envoyer toutes les informations n\u00e9cessaires\" \/>\n<meta property=\"og:url\" content=\"https:\/\/burotec.biz\/en\/carrieres\/\" \/>\n<meta property=\"og:site_name\" content=\"BUROTEC\" \/>\n<meta property=\"article:modified_time\" content=\"2024-11-18T16:00:15+00:00\" \/>\n<meta property=\"og:image\" content=\"https:\/\/burotec.biz\/wp-content\/uploads\/2024\/09\/Burotec-miniature.png\" \/>\n\t<meta property=\"og:image:width\" content=\"1920\" \/>\n\t<meta property=\"og:image:height\" content=\"1080\" \/>\n\t<meta property=\"og:image:type\" content=\"image\/png\" \/>\n<meta name=\"twitter:card\" content=\"summary_large_image\" \/>\n<meta name=\"twitter:label1\" content=\"Est. reading time\" \/>\n\t<meta name=\"twitter:data1\" content=\"1 minute\" \/>\n<script type=\"application\/ld+json\" class=\"yoast-schema-graph\">{\"@context\":\"https:\/\/schema.org\",\"@graph\":[{\"@type\":\"WebPage\",\"@id\":\"https:\/\/burotec.biz\/carrieres\/\",\"url\":\"https:\/\/burotec.biz\/carrieres\/\",\"name\":\"Carri\u00e8res - BUROTEC\",\"isPartOf\":{\"@id\":\"http:\/\/burotec.biz\/fr\/#website\"},\"datePublished\":\"2024-09-19T16:25:40+00:00\",\"dateModified\":\"2024-11-18T16:00:15+00:00\",\"breadcrumb\":{\"@id\":\"https:\/\/burotec.biz\/carrieres\/#breadcrumb\"},\"inLanguage\":\"en-US\",\"potentialAction\":[{\"@type\":\"ReadAction\",\"target\":[\"https:\/\/burotec.biz\/carrieres\/\"]}]},{\"@type\":\"BreadcrumbList\",\"@id\":\"https:\/\/burotec.biz\/carrieres\/#breadcrumb\",\"itemListElement\":[{\"@type\":\"ListItem\",\"position\":1,\"name\":\"Accueil\",\"item\":\"https:\/\/burotec.biz\/\"},{\"@type\":\"ListItem\",\"position\":2,\"name\":\"Carri\u00e8res\"}]},{\"@type\":\"WebSite\",\"@id\":\"http:\/\/burotec.biz\/fr\/#website\",\"url\":\"http:\/\/burotec.biz\/fr\/\",\"name\":\"Groupe Burotec\",\"description\":\"Leader au Congo Brazzaville depuis 50 ans\",\"publisher\":{\"@id\":\"http:\/\/burotec.biz\/fr\/#organization\"},\"potentialAction\":[{\"@type\":\"SearchAction\",\"target\":{\"@type\":\"EntryPoint\",\"urlTemplate\":\"http:\/\/burotec.biz\/fr\/?s={search_term_string}\"},\"query-input\":{\"@type\":\"PropertyValueSpecification\",\"valueRequired\":true,\"valueName\":\"search_term_string\"}}],\"inLanguage\":\"en-US\"},{\"@type\":\"Organization\",\"@id\":\"http:\/\/burotec.biz\/fr\/#organization\",\"name\":\"Groupe Burotec\",\"alternateName\":\"Leader au Congo Brazzaville depuis 50 ans\",\"url\":\"http:\/\/burotec.biz\/fr\/\",\"logo\":{\"@type\":\"ImageObject\",\"inLanguage\":\"en-US\",\"@id\":\"http:\/\/burotec.biz\/fr\/#\/schema\/logo\/image\/\",\"url\":\"https:\/\/supporting-flamingo-960d85.instawp.xyz\/wp-content\/uploads\/2024\/09\/Burotec-miniature.png\",\"contentUrl\":\"https:\/\/supporting-flamingo-960d85.instawp.xyz\/wp-content\/uploads\/2024\/09\/Burotec-miniature.png\",\"width\":1920,\"height\":1080,\"caption\":\"Groupe Burotec\"},\"image\":{\"@id\":\"http:\/\/burotec.biz\/fr\/#\/schema\/logo\/image\/\"}}]}<\/script>\n<!-- \/ Yoast SEO plugin. -->","yoast_head_json":{"title":"Carri\u00e8res - BUROTEC","robots":{"index":"index","follow":"follow","max-snippet":"max-snippet:-1","max-image-preview":"max-image-preview:large","max-video-preview":"max-video-preview:-1"},"canonical":"https:\/\/burotec.biz\/en\/carrieres\/","og_locale":"en_US","og_type":"article","og_title":"Carri\u00e8res - BUROTEC","og_description":"Construire votre future carri\u00e8re avec nous Veuillez remplir le formulaire et nous envoyer toutes les informations n\u00e9cessaires","og_url":"https:\/\/burotec.biz\/en\/carrieres\/","og_site_name":"BUROTEC","article_modified_time":"2024-11-18T16:00:15+00:00","og_image":[{"width":1920,"height":1080,"url":"https:\/\/burotec.biz\/wp-content\/uploads\/2024\/09\/Burotec-miniature.png","type":"image\/png"}],"twitter_card":"summary_large_image","twitter_misc":{"Est. reading time":"1 minute"},"schema":{"@context":"https:\/\/schema.org","@graph":[{"@type":"WebPage","@id":"https:\/\/burotec.biz\/carrieres\/","url":"https:\/\/burotec.biz\/carrieres\/","name":"Carri\u00e8res - BUROTEC","isPartOf":{"@id":"http:\/\/burotec.biz\/fr\/#website"},"datePublished":"2024-09-19T16:25:40+00:00","dateModified":"2024-11-18T16:00:15+00:00","breadcrumb":{"@id":"https:\/\/burotec.biz\/carrieres\/#breadcrumb"},"inLanguage":"en-US","potentialAction":[{"@type":"ReadAction","target":["https:\/\/burotec.biz\/carrieres\/"]}]},{"@type":"BreadcrumbList","@id":"https:\/\/burotec.biz\/carrieres\/#breadcrumb","itemListElement":[{"@type":"ListItem","position":1,"name":"Accueil","item":"https:\/\/burotec.biz\/"},{"@type":"ListItem","position":2,"name":"Carri\u00e8res"}]},{"@type":"WebSite","@id":"http:\/\/burotec.biz\/fr\/#website","url":"http:\/\/burotec.biz\/fr\/","name":"Burotec Group","description":"Leader in Congo Brazzaville for 50 years","publisher":{"@id":"http:\/\/burotec.biz\/fr\/#organization"},"potentialAction":[{"@type":"SearchAction","target":{"@type":"EntryPoint","urlTemplate":"http:\/\/burotec.biz\/fr\/?s={search_term_string}"},"query-input":{"@type":"PropertyValueSpecification","valueRequired":true,"valueName":"search_term_string"}}],"inLanguage":"en-US"},{"@type":"Organization","@id":"http:\/\/burotec.biz\/fr\/#organization","name":"Burotec Group","alternateName":"Leader au Congo Brazzaville depuis 50 ans","url":"http:\/\/burotec.biz\/fr\/","logo":{"@type":"ImageObject","inLanguage":"en-US","@id":"http:\/\/burotec.biz\/fr\/#\/schema\/logo\/image\/","url":"https:\/\/supporting-flamingo-960d85.instawp.xyz\/wp-content\/uploads\/2024\/09\/Burotec-miniature.png","contentUrl":"https:\/\/supporting-flamingo-960d85.instawp.xyz\/wp-content\/uploads\/2024\/09\/Burotec-miniature.png","width":1920,"height":1080,"caption":"Groupe Burotec"},"image":{"@id":"http:\/\/burotec.biz\/fr\/#\/schema\/logo\/image\/"}}]}},"_links":{"self":[{"href":"http:\/\/burotec.biz\/en\/wp-json\/wp\/v2\/pages\/198","targetHints":{"allow":["GET"]}}],"collection":[{"href":"http:\/\/burotec.biz\/en\/wp-json\/wp\/v2\/pages"}],"about":[{"href":"http:\/\/burotec.biz\/en\/wp-json\/wp\/v2\/types\/page"}],"author":[{"embeddable":true,"href":"http:\/\/burotec.biz\/en\/wp-json\/wp\/v2\/users\/1"}],"replies":[{"embeddable":true,"href":"http:\/\/burotec.biz\/en\/wp-json\/wp\/v2\/comments?post=198"}],"version-history":[{"count":7,"href":"http:\/\/burotec.biz\/en\/wp-json\/wp\/v2\/pages\/198\/revisions"}],"predecessor-version":[{"id":1336,"href":"http:\/\/burotec.biz\/en\/wp-json\/wp\/v2\/pages\/198\/revisions\/1336"}],"wp:attachment":[{"href":"http:\/\/burotec.biz\/en\/wp-json\/wp\/v2\/media?parent=198"}],"curies":[{"name":"wp","href":"https:\/\/api.w.org\/{rel}","templated":true}]}}